{"id":16,"date":"2023-08-02T17:13:23","date_gmt":"2023-08-02T17:13:23","guid":{"rendered":"http:\/\/turmadacuca.com.br\/?page_id=16"},"modified":"2023-10-20T19:07:46","modified_gmt":"2023-10-20T19:07:46","slug":"kids","status":"publish","type":"page","link":"https:\/\/turmadacuca.com.br\/index.php\/kids\/","title":{"rendered":"Kids"},"content":{"rendered":"\t\t<div data-elementor-type=\"wp-page\" data-elementor-id=\"16\" class=\"elementor elementor-16\" data-elementor-post-type=\"page\">\n\t\t\t\t\t\t\t<div class=\"elementor-element elementor-element-28d2468 e-con-full e-flex e-con\" data-id=\"28d2468\" data-element_type=\"container\" data-settings=\"{&quot;content_width&quot;:&quot;full&quot;}\">\n\t\t\t\t<div class=\"elementor-element elementor-element-bf55375 elementor--h-position-center elementor--v-position-middle elementor-arrows-position-inside elementor-pagination-position-inside elementor-widget elementor-widget-slides\" data-id=\"bf55375\" data-element_type=\"widget\" data-settings=\"{&quot;navigation&quot;:&quot;both&quot;,&quot;autoplay&quot;:&quot;yes&quot;,&quot;pause_on_hover&quot;:&quot;yes&quot;,&quot;pause_on_interaction&quot;:&quot;yes&quot;,&quot;autoplay_speed&quot;:5000,&quot;infinite&quot;:&quot;yes&quot;,&quot;transition&quot;:&quot;slide&quot;,&quot;transition_speed&quot;:500}\" data-widget_type=\"slides.default\">\n\t\t\t\t<div class=\"elementor-widget-container\">\n\t\t\t<style>\/*! elementor-pro - v3.14.0 - 26-06-2023 *\/\n.elementor-slides .swiper-slide-bg{background-size:cover;background-position:50%;background-repeat:no-repeat;min-width:100%;min-height:100%}.elementor-slides .swiper-slide-inner{background-repeat:no-repeat;background-position:50%;position:absolute;top:0;left:0;bottom:0;right:0;padding:50px;margin:auto}.elementor-slides .swiper-slide-inner,.elementor-slides .swiper-slide-inner:hover{color:#fff;display:flex}.elementor-slides .swiper-slide-inner .elementor-background-overlay{position:absolute;z-index:0;top:0;bottom:0;left:0;right:0}.elementor-slides .swiper-slide-inner .elementor-slide-content{position:relative;z-index:1;width:100%}.elementor-slides .swiper-slide-inner .elementor-slide-heading{font-size:35px;font-weight:700;line-height:1}.elementor-slides .swiper-slide-inner .elementor-slide-description{font-size:17px;line-height:1.4}.elementor-slides .swiper-slide-inner .elementor-slide-description:not(:last-child),.elementor-slides .swiper-slide-inner .elementor-slide-heading:not(:last-child){margin-bottom:30px}.elementor-slides .swiper-slide-inner .elementor-slide-button{border:2px solid #fff;color:#fff;background:transparent;display:inline-block}.elementor-slides .swiper-slide-inner .elementor-slide-button,.elementor-slides .swiper-slide-inner .elementor-slide-button:hover{background:transparent;color:inherit;text-decoration:none}.elementor--v-position-top .swiper-slide-inner{align-items:flex-start}.elementor--v-position-bottom .swiper-slide-inner{align-items:flex-end}.elementor--v-position-middle .swiper-slide-inner{align-items:center}.elementor--h-position-left .swiper-slide-inner{justify-content:flex-start}.elementor--h-position-right .swiper-slide-inner{justify-content:flex-end}.elementor--h-position-center .swiper-slide-inner{justify-content:center}body.rtl .elementor-widget-slides .elementor-swiper-button-next{left:10px;right:auto}body.rtl .elementor-widget-slides .elementor-swiper-button-prev{right:10px;left:auto}.elementor-slides-wrapper div:not(.swiper-slide)>.swiper-slide-inner{display:none}@media (max-width:767px){.elementor-slides .swiper-slide-inner{padding:30px}.elementor-slides .swiper-slide-inner .elementor-slide-heading{font-size:23px;line-height:1;margin-bottom:15px}.elementor-slides .swiper-slide-inner .elementor-slide-description{font-size:13px;line-height:1.4;margin-bottom:15px}}<\/style>\t\t<div class=\"elementor-swiper\">\n\t\t\t<div class=\"elementor-slides-wrapper elementor-main-swiper swiper\" dir=\"ltr\" data-animation=\"fadeInUp\">\n\t\t\t\t<div class=\"swiper-wrapper elementor-slides\">\n\t\t\t\t\t\t\t\t\t\t<div class=\"elementor-repeater-item-a293ae4 swiper-slide\"><div class=\"swiper-slide-bg\" role=\"img\"><\/div><div class=\"swiper-slide-inner\" ><div class=\"swiper-slide-contents\"><\/div><\/div><\/div>\t\t\t\t<\/div>\n\t\t\t\t\t\t\t<\/div>\n\t\t<\/div>\n\t\t\t\t<\/div>\n\t\t\t\t<\/div>\n\t\t\t\t<\/div>\n\t\t<div class=\"elementor-element elementor-element-ab6e13d e-flex e-con-boxed e-con\" data-id=\"ab6e13d\" data-element_type=\"container\" data-settings=\"{&quot;content_width&quot;:&quot;boxed&quot;}\">\n\t\t\t\t\t<div class=\"e-con-inner\">\n\t\t\t\t<div class=\"elementor-element elementor-element-595487b elementor-widget elementor-widget-text-editor\" data-id=\"595487b\" data-element_type=\"widget\" data-widget_type=\"text-editor.default\">\n\t\t\t\t<div class=\"elementor-widget-container\">\n\t\t\t<style>\/*! elementor - v3.15.0 - 31-07-2023 *\/\n.elementor-widget-text-editor.elementor-drop-cap-view-stacked .elementor-drop-cap{background-color:#69727d;color:#fff}.elementor-widget-text-editor.elementor-drop-cap-view-framed .elementor-drop-cap{color:#69727d;border:3px solid;background-color:transparent}.elementor-widget-text-editor:not(.elementor-drop-cap-view-default) .elementor-drop-cap{margin-top:8px}.elementor-widget-text-editor:not(.elementor-drop-cap-view-default) .elementor-drop-cap-letter{width:1em;height:1em}.elementor-widget-text-editor .elementor-drop-cap{float:left;text-align:center;line-height:1;font-size:50px}.elementor-widget-text-editor .elementor-drop-cap-letter{display:inline-block}<\/style>\t\t\t\t<p>Linha Kids <img loading=\"lazy\" decoding=\"async\" class=\"alignnone size-full wp-image-960\" src=\"https:\/\/turmadacuca.com.br\/wp-content\/uploads\/2023\/10\/Retangulo.jpg.png\" alt=\"\" width=\"80\" height=\"20\" \/><\/p>\t\t\t\t\t\t<\/div>\n\t\t\t\t<\/div>\n\t\t\t\t<div class=\"elementor-element elementor-element-f941e09 elementor-widget elementor-widget-text-editor\" data-id=\"f941e09\" data-element_type=\"widget\" data-widget_type=\"text-editor.default\">\n\t\t\t\t<div class=\"elementor-widget-container\">\n\t\t\t\t\t\t\t<p>Na busca por qualidade, conforto e estilo para os pequenos, apresentamos com entusiasmo a Linha Kids, uma cole\u00e7\u00e3o de roupas infanto-juvenis projetada para inspirar a confian\u00e7a e a alegria das crian\u00e7as em cada passo de sua jornada. Combinando designs encantadores, materiais de alta qualidade e aten\u00e7\u00e3o impec\u00e1vel aos detalhes.<br \/>Convidamos voc\u00ea a explorar nossa cole\u00e7\u00e3o e descobrir um mundo de moda infanto-juvenil que combina estilo, conforto e qualidade. Desde os primeiros passos at\u00e9 os anos de crescimento, nossas roupas acompanham cada fase da inf\u00e2ncia com gra\u00e7a e eleg\u00e2ncia. Celebre a alegria de ser crian\u00e7a\u00a0 onde a moda e a divers\u00e3o se encontram em perfeita harmonia.<\/p>\t\t\t\t\t\t<\/div>\n\t\t\t\t<\/div>\n\t\t\t\t\t<\/div>\n\t\t\t\t<\/div>\n\t\t<div class=\"elementor-element elementor-element-306a99a e-con-full e-flex e-con\" data-id=\"306a99a\" data-element_type=\"container\" data-settings=\"{&quot;content_width&quot;:&quot;full&quot;}\">\n\t\t\t\t<div class=\"elementor-element elementor-element-a58f149 elementor-widget elementor-widget-image-gallery\" data-id=\"a58f149\" data-element_type=\"widget\" data-widget_type=\"image-gallery.default\">\n\t\t\t\t<div class=\"elementor-widget-container\">\n\t\t\t<style>\/*! elementor - v3.15.0 - 31-07-2023 *\/\n.elementor-image-gallery .gallery-item{display:inline-block;text-align:center;vertical-align:top;width:100%;max-width:100%;margin:0 auto}.elementor-image-gallery .gallery-item img{margin:0 auto}.elementor-image-gallery .gallery-item .gallery-caption{margin:0}.elementor-image-gallery figure img{display:block}.elementor-image-gallery figure figcaption{width:100%}.gallery-spacing-custom .elementor-image-gallery .gallery-icon{padding:0}@media (min-width:768px){.elementor-image-gallery .gallery-columns-2 .gallery-item{max-width:50%}.elementor-image-gallery .gallery-columns-3 .gallery-item{max-width:33.33%}.elementor-image-gallery .gallery-columns-4 .gallery-item{max-width:25%}.elementor-image-gallery .gallery-columns-5 .gallery-item{max-width:20%}.elementor-image-gallery .gallery-columns-6 .gallery-item{max-width:16.666%}.elementor-image-gallery .gallery-columns-7 .gallery-item{max-width:14.28%}.elementor-image-gallery .gallery-columns-8 .gallery-item{max-width:12.5%}.elementor-image-gallery .gallery-columns-9 .gallery-item{max-width:11.11%}.elementor-image-gallery .gallery-columns-10 .gallery-item{max-width:10%}}@media (min-width:480px) and (max-width:767px){.elementor-image-gallery .gallery.gallery-columns-2 .gallery-item,.elementor-image-gallery .gallery.gallery-columns-3 .gallery-item,.elementor-image-gallery .gallery.gallery-columns-4 .gallery-item,.elementor-image-gallery .gallery.gallery-columns-5 .gallery-item,.elementor-image-gallery .gallery.gallery-columns-6 .gallery-item,.elementor-image-gallery .gallery.gallery-columns-7 .gallery-item,.elementor-image-gallery .gallery.gallery-columns-8 .gallery-item,.elementor-image-gallery .gallery.gallery-columns-9 .gallery-item,.elementor-image-gallery .gallery.gallery-columns-10 .gallery-item{max-width:50%}}@media (max-width:479px){.elementor-image-gallery .gallery.gallery-columns-2 .gallery-item,.elementor-image-gallery .gallery.gallery-columns-3 .gallery-item,.elementor-image-gallery .gallery.gallery-columns-4 .gallery-item,.elementor-image-gallery .gallery.gallery-columns-5 .gallery-item,.elementor-image-gallery .gallery.gallery-columns-6 .gallery-item,.elementor-image-gallery .gallery.gallery-columns-7 .gallery-item,.elementor-image-gallery .gallery.gallery-columns-8 .gallery-item,.elementor-image-gallery .gallery.gallery-columns-9 .gallery-item,.elementor-image-gallery .gallery.gallery-columns-10 .gallery-item{max-width:100%}}<\/style>\t\t<div class=\"elementor-image-gallery\">\n\t\t\t<div id='gallery-1' class='gallery galleryid-16 gallery-columns-6 gallery-size-full'><figure class='gallery-item'>\n\t\t\t<div class='gallery-icon landscape'>\n\t\t\t\t<a data-elementor-open-lightbox=\"no\" href='https:\/\/turmadacuca.com.br\/wp-content\/uploads\/2023\/10\/ft1-1.jpg'><img loading=\"lazy\" decoding=\"async\" width=\"512\" height=\"512\" src=\"https:\/\/turmadacuca.com.br\/wp-content\/uploads\/2023\/10\/ft1-1.jpg\" class=\"attachment-full size-full\" alt=\"\" srcset=\"https:\/\/turmadacuca.com.br\/wp-content\/uploads\/2023\/10\/ft1-1.jpg 512w, https:\/\/turmadacuca.com.br\/wp-content\/uploads\/2023\/10\/ft1-1-300x300.jpg 300w, https:\/\/turmadacuca.com.br\/wp-content\/uploads\/2023\/10\/ft1-1-150x150.jpg 150w\" sizes=\"(max-width: 512px) 100vw, 512px\" \/><\/a>\n\t\t\t<\/div><\/figure><figure class='gallery-item'>\n\t\t\t<div class='gallery-icon landscape'>\n\t\t\t\t<a data-elementor-open-lightbox=\"no\" href='https:\/\/turmadacuca.com.br\/wp-content\/uploads\/2023\/10\/ft2-1.jpg'><img loading=\"lazy\" decoding=\"async\" width=\"512\" height=\"512\" src=\"https:\/\/turmadacuca.com.br\/wp-content\/uploads\/2023\/10\/ft2-1.jpg\" class=\"attachment-full size-full\" alt=\"\" srcset=\"https:\/\/turmadacuca.com.br\/wp-content\/uploads\/2023\/10\/ft2-1.jpg 512w, https:\/\/turmadacuca.com.br\/wp-content\/uploads\/2023\/10\/ft2-1-300x300.jpg 300w, https:\/\/turmadacuca.com.br\/wp-content\/uploads\/2023\/10\/ft2-1-150x150.jpg 150w\" sizes=\"(max-width: 512px) 100vw, 512px\" \/><\/a>\n\t\t\t<\/div><\/figure><figure class='gallery-item'>\n\t\t\t<div class='gallery-icon landscape'>\n\t\t\t\t<a data-elementor-open-lightbox=\"no\" href='https:\/\/turmadacuca.com.br\/wp-content\/uploads\/2023\/10\/ft3-1.jpg'><img loading=\"lazy\" decoding=\"async\" width=\"512\" height=\"512\" src=\"https:\/\/turmadacuca.com.br\/wp-content\/uploads\/2023\/10\/ft3-1.jpg\" class=\"attachment-full size-full\" alt=\"\" srcset=\"https:\/\/turmadacuca.com.br\/wp-content\/uploads\/2023\/10\/ft3-1.jpg 512w, https:\/\/turmadacuca.com.br\/wp-content\/uploads\/2023\/10\/ft3-1-300x300.jpg 300w, https:\/\/turmadacuca.com.br\/wp-content\/uploads\/2023\/10\/ft3-1-150x150.jpg 150w\" sizes=\"(max-width: 512px) 100vw, 512px\" \/><\/a>\n\t\t\t<\/div><\/figure><figure class='gallery-item'>\n\t\t\t<div class='gallery-icon landscape'>\n\t\t\t\t<a data-elementor-open-lightbox=\"no\" href='https:\/\/turmadacuca.com.br\/wp-content\/uploads\/2023\/10\/ft4-1.jpg'><img loading=\"lazy\" decoding=\"async\" width=\"512\" height=\"512\" src=\"https:\/\/turmadacuca.com.br\/wp-content\/uploads\/2023\/10\/ft4-1.jpg\" class=\"attachment-full size-full\" alt=\"\" srcset=\"https:\/\/turmadacuca.com.br\/wp-content\/uploads\/2023\/10\/ft4-1.jpg 512w, https:\/\/turmadacuca.com.br\/wp-content\/uploads\/2023\/10\/ft4-1-300x300.jpg 300w, https:\/\/turmadacuca.com.br\/wp-content\/uploads\/2023\/10\/ft4-1-150x150.jpg 150w\" sizes=\"(max-width: 512px) 100vw, 512px\" \/><\/a>\n\t\t\t<\/div><\/figure><figure class='gallery-item'>\n\t\t\t<div class='gallery-icon landscape'>\n\t\t\t\t<a data-elementor-open-lightbox=\"no\" href='https:\/\/turmadacuca.com.br\/wp-content\/uploads\/2023\/10\/ft5-1.jpg'><img loading=\"lazy\" decoding=\"async\" width=\"500\" height=\"500\" src=\"https:\/\/turmadacuca.com.br\/wp-content\/uploads\/2023\/10\/ft5-1.jpg\" class=\"attachment-full size-full\" alt=\"\" srcset=\"https:\/\/turmadacuca.com.br\/wp-content\/uploads\/2023\/10\/ft5-1.jpg 500w, https:\/\/turmadacuca.com.br\/wp-content\/uploads\/2023\/10\/ft5-1-300x300.jpg 300w, https:\/\/turmadacuca.com.br\/wp-content\/uploads\/2023\/10\/ft5-1-150x150.jpg 150w\" sizes=\"(max-width: 500px) 100vw, 500px\" \/><\/a>\n\t\t\t<\/div><\/figure><figure class='gallery-item'>\n\t\t\t<div class='gallery-icon landscape'>\n\t\t\t\t<a data-elementor-open-lightbox=\"no\" href='https:\/\/turmadacuca.com.br\/wp-content\/uploads\/2023\/10\/ft6.jpg'><img loading=\"lazy\" decoding=\"async\" width=\"512\" height=\"512\" src=\"https:\/\/turmadacuca.com.br\/wp-content\/uploads\/2023\/10\/ft6.jpg\" class=\"attachment-full size-full\" alt=\"\" srcset=\"https:\/\/turmadacuca.com.br\/wp-content\/uploads\/2023\/10\/ft6.jpg 512w, https:\/\/turmadacuca.com.br\/wp-content\/uploads\/2023\/10\/ft6-300x300.jpg 300w, https:\/\/turmadacuca.com.br\/wp-content\/uploads\/2023\/10\/ft6-150x150.jpg 150w\" sizes=\"(max-width: 512px) 100vw, 512px\" \/><\/a>\n\t\t\t<\/div><\/figure>\n\t\t<\/div>\n\t\t<\/div>\n\t\t\t\t<\/div>\n\t\t\t\t<\/div>\n\t\t\t\t<div class=\"elementor-element elementor-element-e9a6c76 elementor-arrows-position-inside elementor-widget elementor-widget-global elementor-global-159 elementor-widget-image-carousel\" data-id=\"e9a6c76\" data-element_type=\"widget\" data-settings=\"{&quot;slides_to_show&quot;:&quot;7&quot;,&quot;slides_to_scroll&quot;:&quot;1&quot;,&quot;navigation&quot;:&quot;arrows&quot;,&quot;image_spacing_custom&quot;:{&quot;unit&quot;:&quot;px&quot;,&quot;size&quot;:73,&quot;sizes&quot;:[]},&quot;slides_to_show_tablet&quot;:&quot;3&quot;,&quot;slides_to_scroll_tablet&quot;:&quot;1&quot;,&quot;autoplay&quot;:&quot;yes&quot;,&quot;pause_on_hover&quot;:&quot;yes&quot;,&quot;pause_on_interaction&quot;:&quot;yes&quot;,&quot;autoplay_speed&quot;:5000,&quot;infinite&quot;:&quot;yes&quot;,&quot;speed&quot;:500,&quot;image_spacing_custom_tablet&quot;:{&quot;unit&quot;:&quot;px&quot;,&quot;size&quot;:&quot;&quot;,&quot;sizes&quot;:[]},&quot;image_spacing_custom_mobile&quot;:{&quot;unit&quot;:&quot;px&quot;,&quot;size&quot;:&quot;&quot;,&quot;sizes&quot;:[]}}\" data-widget_type=\"image-carousel.default\">\n\t\t\t\t<div class=\"elementor-widget-container\">\n\t\t\t<style>\/*! elementor - v3.15.0 - 31-07-2023 *\/\n.elementor-widget-image-carousel .swiper,.elementor-widget-image-carousel .swiper-container{position:static}.elementor-widget-image-carousel .swiper-container .swiper-slide figure,.elementor-widget-image-carousel .swiper .swiper-slide figure{line-height:inherit}.elementor-widget-image-carousel .swiper-slide{text-align:center}.elementor-image-carousel-wrapper:not(.swiper-container-initialized):not(.swiper-initialized) .swiper-slide{max-width:calc(100% \/ var(--e-image-carousel-slides-to-show, 3))}<\/style>\t\t<div class=\"elementor-image-carousel-wrapper swiper\" dir=\"ltr\">\n\t\t\t<div class=\"elementor-image-carousel swiper-wrapper\" aria-live=\"off\">\n\t\t\t\t\t\t\t\t<div class=\"swiper-slide\" role=\"group\" aria-roledescription=\"slide\" aria-label=\"1 of 15\"><figure class=\"swiper-slide-inner\"><img decoding=\"async\" class=\"swiper-slide-image\" src=\"https:\/\/turmadacuca.com.br\/wp-content\/uploads\/2023\/09\/all-star-1.png\" alt=\"all star\" \/><\/figure><\/div><div class=\"swiper-slide\" role=\"group\" aria-roledescription=\"slide\" aria-label=\"2 of 15\"><figure class=\"swiper-slide-inner\"><img decoding=\"async\" class=\"swiper-slide-image\" src=\"https:\/\/turmadacuca.com.br\/wp-content\/uploads\/2023\/09\/bibi.png\" alt=\"bibi\" \/><\/figure><\/div><div class=\"swiper-slide\" role=\"group\" aria-roledescription=\"slide\" aria-label=\"3 of 15\"><figure class=\"swiper-slide-inner\"><img decoding=\"async\" class=\"swiper-slide-image\" src=\"https:\/\/turmadacuca.com.br\/wp-content\/uploads\/2023\/09\/Calvin-klein-1.png\" alt=\"Calvin klein\" \/><\/figure><\/div><div class=\"swiper-slide\" role=\"group\" aria-roledescription=\"slide\" aria-label=\"4 of 15\"><figure class=\"swiper-slide-inner\"><img decoding=\"async\" class=\"swiper-slide-image\" src=\"https:\/\/turmadacuca.com.br\/wp-content\/uploads\/2023\/09\/Charpey.png\" alt=\"Charpey\" \/><\/figure><\/div><div class=\"swiper-slide\" role=\"group\" aria-roledescription=\"slide\" aria-label=\"5 of 15\"><figure class=\"swiper-slide-inner\"><img decoding=\"async\" class=\"swiper-slide-image\" src=\"https:\/\/turmadacuca.com.br\/wp-content\/uploads\/2023\/09\/infanti-logo.jpg\" alt=\"infanti logo\" \/><\/figure><\/div><div class=\"swiper-slide\" role=\"group\" aria-roledescription=\"slide\" aria-label=\"6 of 15\"><figure class=\"swiper-slide-inner\"><img decoding=\"async\" class=\"swiper-slide-image\" src=\"https:\/\/turmadacuca.com.br\/wp-content\/uploads\/2023\/09\/logo_ok_DIMY_preto-01.png\" alt=\"logo_ok_DIMY_preto-01\" \/><\/figure><\/div><div class=\"swiper-slide\" role=\"group\" aria-roledescription=\"slide\" aria-label=\"7 of 15\"><figure class=\"swiper-slide-inner\"><img decoding=\"async\" class=\"swiper-slide-image\" src=\"https:\/\/turmadacuca.com.br\/wp-content\/uploads\/2023\/09\/logo-kylly-1.png\" alt=\"logo-kylly\" \/><\/figure><\/div><div class=\"swiper-slide\" role=\"group\" aria-roledescription=\"slide\" aria-label=\"8 of 15\"><figure class=\"swiper-slide-inner\"><img decoding=\"async\" class=\"swiper-slide-image\" src=\"https:\/\/turmadacuca.com.br\/wp-content\/uploads\/2023\/09\/milon.png\" alt=\"milon\" \/><\/figure><\/div><div class=\"swiper-slide\" role=\"group\" aria-roledescription=\"slide\" aria-label=\"9 of 15\"><figure class=\"swiper-slide-inner\"><img decoding=\"async\" class=\"swiper-slide-image\" src=\"https:\/\/turmadacuca.com.br\/wp-content\/uploads\/2023\/09\/momi.png\" alt=\"momi\" \/><\/figure><\/div><div class=\"swiper-slide\" role=\"group\" aria-roledescription=\"slide\" aria-label=\"10 of 15\"><figure class=\"swiper-slide-inner\"><img decoding=\"async\" class=\"swiper-slide-image\" src=\"https:\/\/turmadacuca.com.br\/wp-content\/uploads\/2023\/09\/pituchinhus-logo-33AA4DAF95-seeklogo.com_.png\" alt=\"pituchinhus-logo-33AA4DAF95-seeklogo.com\" \/><\/figure><\/div><div class=\"swiper-slide\" role=\"group\" aria-roledescription=\"slide\" aria-label=\"11 of 15\"><figure class=\"swiper-slide-inner\"><img decoding=\"async\" class=\"swiper-slide-image\" src=\"https:\/\/turmadacuca.com.br\/wp-content\/uploads\/2023\/09\/puppy-mommy-1.png\" alt=\"puppy mommy\" \/><\/figure><\/div><div class=\"swiper-slide\" role=\"group\" aria-roledescription=\"slide\" aria-label=\"12 of 15\"><figure class=\"swiper-slide-inner\"><img decoding=\"async\" class=\"swiper-slide-image\" src=\"https:\/\/turmadacuca.com.br\/wp-content\/uploads\/2023\/09\/colcci-logo-0-2.png\" alt=\"colcci-logo-0\" \/><\/figure><\/div><div class=\"swiper-slide\" role=\"group\" aria-roledescription=\"slide\" aria-label=\"13 of 15\"><figure class=\"swiper-slide-inner\"><img decoding=\"async\" class=\"swiper-slide-image\" src=\"https:\/\/turmadacuca.com.br\/wp-content\/uploads\/2023\/10\/texpa-shopify-fashion-11_3c89fb5c-a37e-441f-8688-da1df9db44da-removebg-preview.png\" alt=\"texpa-shopify-fashion-11_3c89fb5c-a37e-441f-8688-da1df9db44da-removebg-preview\" \/><\/figure><\/div><div class=\"swiper-slide\" role=\"group\" aria-roledescription=\"slide\" aria-label=\"14 of 15\"><figure class=\"swiper-slide-inner\"><img decoding=\"async\" class=\"swiper-slide-image\" src=\"https:\/\/turmadacuca.com.br\/wp-content\/uploads\/2023\/10\/fruto.png.jpg\" alt=\"fruto.png\" \/><\/figure><\/div><div class=\"swiper-slide\" role=\"group\" aria-roledescription=\"slide\" aria-label=\"15 of 15\"><figure class=\"swiper-slide-inner\"><img decoding=\"async\" class=\"swiper-slide-image\" src=\"https:\/\/turmadacuca.com.br\/wp-content\/uploads\/2023\/10\/precoce-1.png\" alt=\"precoce\" \/><\/figure><\/div>\t\t\t<\/div>\n\t\t\t\t\t\t\t\t\t\t\t\t<div class=\"elementor-swiper-button elementor-swiper-button-prev\" role=\"button\" tabindex=\"0\">\n\t\t\t\t\t\t<i aria-hidden=\"true\" class=\"eicon-chevron-left\"><\/i>\t\t\t\t\t<\/div>\n\t\t\t\t\t<div class=\"elementor-swiper-button elementor-swiper-button-next\" role=\"button\" tabindex=\"0\">\n\t\t\t\t\t\t<i aria-hidden=\"true\" class=\"eicon-chevron-right\"><\/i>\t\t\t\t\t<\/div>\n\t\t\t\t\n\t\t\t\t\t\t\t\t\t<\/div>\n\t\t\t\t<\/div>\n\t\t\t\t<\/div>\n\t\t\t\t<\/div>\n\t\t\t\t\t\t\t<\/div>\n\t\t","protected":false},"excerpt":{"rendered":"<p>Linha Kids Na busca por qualidade, conforto e estilo para os pequenos, apresentamos com entusiasmo a Linha Kids, uma cole\u00e7\u00e3o de roupas infanto-juvenis projetada para inspirar a confian\u00e7a e a alegria das crian\u00e7as em cada passo de sua jornada. Combinando designs encantadores, materiais de alta qualidade e aten\u00e7\u00e3o impec\u00e1vel aos detalhes.Convidamos voc\u00ea a explorar nossa [&hellip;]<\/p>\n","protected":false},"author":1,"featured_media":0,"parent":0,"menu_order":0,"comment_status":"closed","ping_status":"closed","template":"","meta":{"footnotes":""},"aioseo_notices":[],"_links":{"self":[{"href":"https:\/\/turmadacuca.com.br\/index.php\/wp-json\/wp\/v2\/pages\/16"}],"collection":[{"href":"https:\/\/turmadacuca.com.br\/index.php\/wp-json\/wp\/v2\/pages"}],"about":[{"href":"https:\/\/turmadacuca.com.br\/index.php\/wp-json\/wp\/v2\/types\/page"}],"author":[{"embeddable":true,"href":"https:\/\/turmadacuca.com.br\/index.php\/wp-json\/wp\/v2\/users\/1"}],"replies":[{"embeddable":true,"href":"https:\/\/turmadacuca.com.br\/index.php\/wp-json\/wp\/v2\/comments?post=16"}],"version-history":[{"count":70,"href":"https:\/\/turmadacuca.com.br\/index.php\/wp-json\/wp\/v2\/pages\/16\/revisions"}],"predecessor-version":[{"id":1023,"href":"https:\/\/turmadacuca.com.br\/index.php\/wp-json\/wp\/v2\/pages\/16\/revisions\/1023"}],"wp:attachment":[{"href":"https:\/\/turmadacuca.com.br\/index.php\/wp-json\/wp\/v2\/media?parent=16"}],"curies":[{"name":"wp","href":"https:\/\/api.w.org\/{rel}","templated":true}]}}